{"id":374,"date":"2021-07-12T07:17:35","date_gmt":"2021-07-12T07:17:35","guid":{"rendered":"https:\/\/www.ferienhaus-usedom.com\/?page_id=374"},"modified":"2024-07-23T20:14:51","modified_gmt":"2024-07-23T20:14:51","slug":"datenschutzerklaerung","status":"publish","type":"page","link":"https:\/\/www.ferienhaus-usedom.com\/?page_id=374","title":{"rendered":"Datenschutzerkl\u00e4rung"},"content":{"rendered":"<h1>Datenschutzerkl\u00e4rung<\/h1>\n<p>Wie wir mit Ihren personenbezogenen Daten umgehen, erl\u00e4utern wir Ihnen in dieser Datenschutzerkl\u00e4rung. Ma\u00dfgabe ist das geltende Datenschutzrecht, insbesondere die Datenschutz-Grundverordnung (DSGVO). Mit Ausnahme der Dienstleister und Drittanbieter, die wir in dieser Datenschutzerkl\u00e4rung benennen, geben wir keine Daten an Dritte weiter. Wenn Sie Fragen haben, sprechen Sie uns gerne an.<\/p>\n<h2>Inhalt<\/h2>\n<ul>\n<li class=\"first\"><a href=\"#verantwortlicher\">Verantwortlicher<\/a><\/li>\n<li><a href=\"#allgemeine-informationen\">Allgemeine Informationen<\/a><\/li>\n<li><a href=\"#datenverarbeitung-beim-aufruf-der-webseite\">Datenverarbeitung beim Aufruf der Webseite<\/a><\/li>\n<li><a href=\"#cookies-zaehlpixel-und-mobile-identifier\">Cookies, Z\u00e4hlpixel und Mobile Identifier<\/a><\/li>\n<li><a href=\"#kontaktaufnahme\">Kontaktaufnahme<\/a><\/li>\n<li><a href=\"#newsletter\">Newsletter<\/a><\/li>\n<li><a href=\"#bestandskundenwerbung\">Bestandskundenwerbung<\/a><\/li>\n<li><a href=\"#registrierung-fuer-ein-benutzerkonto\">Registrierung f\u00fcr ein Benutzerkonto<\/a><\/li>\n<li><a href=\"#bestellungen-und-zahlungsabwicklung\">Bestellungen und Zahlungsabwicklung<\/a><\/li>\n<li><a href=\"#weitere-drittdienste\">Weitere Drittdienste<\/a><\/li>\n<li><a href=\"#profile-in-sozialen-netzwerken\">Profile in sozialen Netzwerken<\/a><\/li>\n<li class=\"last\"><a href=\"#rechte-betroffener-personen\">Rechte betroffener Personen<\/a><\/li>\n<\/ul>\n<h2 id=\"verantwortlicher\">Verantwortlicher<\/h2>\n<p>Verantwortlich f\u00fcr die Datenverarbeitung ist<\/p>\n<p>Ferienhaus Usedom<br \/>\nGnitzer Weg 21<\/p>\n<p>Datenschutzbeauftragter:<\/p>\n<p>Rene Stopp<br \/>\nE-Mail: Info@ferienhaus-usedom.com<br \/>\nTel.: 015908466696<\/p>\n<h2 id=\"allgemeine-informationen\">Allgemeine Informationen<\/h2>\n<p><strong>Bereitstellung von Daten<\/strong><\/p>\n<p>F\u00fcr eine Nutzung unserer Webseite ist in der Regel weder gesetzlich noch vertraglich vorgeschrieben, personenbezogene Daten zur Verf\u00fcgung stellen. Soweit eine Bereitstellung von Daten f\u00fcr einen Vertragsabschluss erforderlich ist oder der Nutzer dazu verpflichtet ist, personenbezogene Daten bereitzustellen, teilen wir diesen Umstand und welche Folgen die Nichtbereitstellung h\u00e4tte in dieser Datenschutzerkl\u00e4rung mit.<\/p>\n<p><strong>Daten\u00fcbermittlung an Drittl\u00e4nder<\/strong><\/p>\n<p>Es ist m\u00f6glich, dass wir Dienstleister und Drittanbieter einsetzen, die in L\u00e4ndern au\u00dferhalb der Europ\u00e4ischen Union und des Europ\u00e4ischen Wirtschaftsraums ans\u00e4ssig sind. Die \u00dcbermittlung personenbezogener Daten in solche Drittl\u00e4nder erfolgt auf der Grundlage eines Angemessenheitsbeschlusses der Europ\u00e4ischen Kommission (Art.\u00a045 DSGVO) oder wir haben geeignete Garantien vorgesehen, um den Datenschutz sicherzustellen (Art.\u00a046 DSGVO). Soweit ein Angemessenheitsbeschluss der Europ\u00e4ischen Kommission f\u00fcr die Daten\u00fcbermittlung in ein Drittland vorhanden ist, weisen wir in dieser Datenschutzerkl\u00e4rung darauf hin. Im \u00dcbrigen gilt, dass Nutzer eine Kopie der geeigneten Garantien, soweit diese nicht bereits in den Datenschutzerkl\u00e4rungen der Dienstleister oder Drittanbieter enthalten ist, \u00fcber uns beziehen k\u00f6nnen.<\/p>\n<p><strong>Automatisierte Entscheidungsfindung<\/strong><\/p>\n<p>Sollten wir eine automatisierte Entscheidungsfindung einschlie\u00dflich Profiling vornehmen, informieren wir in dieser Datenschutzerkl\u00e4rung \u00fcber diesen Umstand, \u00fcber die involvierte Logik sowie die Tragweite und die angestrebten Auswirkungen einer derartigen Verarbeitung. Im \u00dcbrigen findet eine automatisierte Entscheidungsfindung nicht statt.<\/p>\n<p><strong>Verarbeitung zu anderen Zwecken<\/strong><\/p>\n<p>Daten werden grunds\u00e4tzlich nur zu den Zwecken verarbeitet, f\u00fcr die sie erhoben wurden. Sollen sie ausnahmsweise zu anderen Zwecken weiterverarbeitet werden, informieren wir vor dieser Weiterverarbeitung \u00fcber diese anderen Zwecke und stellen alle anderen ma\u00dfgeblichen Informationen zur Verf\u00fcgung (Art.\u00a013 Abs.\u00a03 DSGVO).<\/p>\n<h2 id=\"datenverarbeitung-beim-aufruf-der-webseite\">Datenverarbeitung beim Aufruf der Webseite<\/h2>\n<p>Bei jedem Aufruf unserer Webseite \u00fcbertr\u00e4gt der Browser des Nutzers verschiedene Daten. F\u00fcr die Dauer des Besuchs der Webseite werden die folgenden Daten verarbeitet und in Logfiles auch \u00fcber ein Ende der Verbindung hinaus gespeichert:<\/p>\n<ul>\n<li>Browsertyp und verwendete -version<\/li>\n<li>Betriebssystem<\/li>\n<li>Abgerufene Seiten und Dateien<\/li>\n<li>\u00dcbertragene Datenmenge<\/li>\n<li>Datum und Uhrzeit des Abrufs<\/li>\n<li>Provider des Nutzers<\/li>\n<li>IP-Adresse<\/li>\n<li>Referrer URL<\/li>\n<\/ul>\n<p>Die Verarbeitung dieser Daten ist erforderlich, um die Webseite an den Nutzer ausliefern zu k\u00f6nnen und f\u00fcr sein Endger\u00e4t zu optimieren. Die Speicherung in Logfiles dient der Verbesserung der Sicherheit unserer Webseite (z.B. Schutz vor DDOS-Angriffen).<\/p>\n<p>Rechtsgrundlage f\u00fcr die Verarbeitung ist Art.\u00a06 Abs.\u00a01 UAbs.\u00a01 Buchst.\u00a0f) DSGVO. Unser berechtigtes Interesse besteht in der Bereitstellung der Webseite und der Verbesserung der Webseitensicherheit. Logfiles werden nach 30 Tagen automatisch gel\u00f6scht.<\/p>\n<h2 id=\"cookies-zaehlpixel-und-mobile-identifier\">Cookies, Z\u00e4hlpixel und Mobile Identifier<\/h2>\n<p>Auf unserer Webseite setzen wir Technologien ein, um das genutzte Endger\u00e4t wiederzuerkennen. Es kann sich dabei um Cookies, Z\u00e4hlpixel und\/oder Mobile Identifier handeln.<\/p>\n<p>Das Wiedererkennen eines Endger\u00e4ts kann grunds\u00e4tzlich zu unterschiedlichen Zwecken erfolgen. Es kann notwendig sein, um Funktionen unserer Webseite bereitzustellen, beispielsweise um einen Warenkorb zur Verf\u00fcgung zu stellen. Dar\u00fcber hinaus k\u00f6nnen die genannten Technologien dazu genutzt werden, um das Verhalten von Nutzern auf der Seite nachzuvollziehen, beispielsweise zu Werbezwecken. Welche Technologien wir im Einzelnen nutzen und zu welchen Zwecken, beschreiben wir in dieser Datenschutzerkl\u00e4rung gesondert.<\/p>\n<p>F\u00fcr ein besseres Verst\u00e4ndnis erl\u00e4utern wir nachfolgend allgemein, wie Cookies, Z\u00e4hlpixel und Mobile Identifier funktionieren:<\/p>\n<ul>\n<li>Cookies sind kleine Textdateien, die bestimmte Informationen beinhalten und auf dem Endger\u00e4t des Nutzers gespeichert werden. Zumeist handelt es sich um eine Identifikationsnummer, die einem Endger\u00e4t zugewiesen wird (Cookie ID).<\/li>\n<li>Bei einem Z\u00e4hlpixel handelt es sich um eine transparente Grafikdatei, die auf einer Seite eingebunden wird und eine Logdateianalyse erm\u00f6glicht.<\/li>\n<li>Ein Mobile Identifier ist eine einzigartige Nummer (Mobile ID), die auf einem mobilen Endger\u00e4t gespeichert ist und durch eine Webseite ausgelesen werden kann.<\/li>\n<\/ul>\n<p>Cookies k\u00f6nnen erforderlich sein, damit unsere Webseite ordnungsgem\u00e4\u00df funktioniert. Rechtsgrundlage f\u00fcr den Einsatz derartiger Cookies ist Art.\u00a06 Abs.\u00a01 UAbs.\u00a01 Buchst.\u00a0f) DSGVO. Unser berechtigtes Interesse besteht in der Bereitstellung der Funktionen unserer Webseite.<\/p>\n<p>F\u00fcr den Betrieb unserer Webseite nicht erforderliche Cookies setzen wir ein, um unser Angebot nutzerfreundlicher zu machen oder die Nutzung unserer Webseite nachvollziehen zu k\u00f6nnen. Die Rechtsgrundlage richtet sich hier danach, ob die Einwilligung des Nutzers einzuholen ist oder wir uns auf ein berechtigtes Interesse berufen k\u00f6nnen. Eine erteilte Einwilligung kann der Nutzer unter anderem durch die Einstellungen in seinem Browser jederzeit widerrufen.<\/p>\n<p>Der Nutzer kann der Verarbeitung von Daten mithilfe von Cookies durch entsprechende Einstellungen in seinem Browser verhindern und ihr widersprechen. Im Falle des Widerspruchs kann es sein, dass nicht alle Funktionen unserer Webseite zur Verf\u00fcgung stehen. \u00dcber weitere M\u00f6glichkeiten des Widerspruchs gegen die Verarbeitung personenbezogener Daten durch Cookies informieren wir in dieser Datenschutzerkl\u00e4rung gesondert. Gegebenenfalls stellen wir Links bereit, mit denen ein Widerspruch erkl\u00e4rt werden kann. Diese sind mit &#8222;Opt-Out&#8220; beschriftet.<\/p>\n<h2 id=\"kontaktaufnahme\">Kontaktaufnahme<\/h2>\n<p>Im Falle einer Kontaktaufnahme verarbeiten wir die Angaben des Nutzers, Datum und Uhrzeit zum Zwecke der Bearbeitung der Anfrage einschlie\u00dflich eventueller R\u00fcckfragen.<\/p>\n<p>Rechtsgrundlage f\u00fcr die Datenverarbeitung ist Art.\u00a06 Abs.\u00a01 UAbs.\u00a01 Buchst.\u00a0f) DSGVO. Unser berechtigtes Interesse besteht in der Beantwortung der Anfragen unserer Nutzer. Zus\u00e4tzliche Rechtsgrundlage ist Art.\u00a06 Abs.\u00a01 UAbs.\u00a01 Buchst.\u00a0b) DSGVO, wenn die Verarbeitung f\u00fcr die Erf\u00fcllung eines Vertrags oder zur Durchf\u00fchrung vorvertraglicher Ma\u00dfnahmen erforderlich ist.<\/p>\n<p>Die Daten werden gel\u00f6scht, sobald die Anfrage einschlie\u00dflich etwaiger R\u00fcckfragen beantwortet ist. Wir \u00fcberpr\u00fcfen in regelm\u00e4\u00dfigen Abst\u00e4nden, mindestens aber alle zwei Jahre, ob im Zusammenhang mit Kontaktaufnahmen angefallene Daten zu l\u00f6schen sind.<\/p>\n<h2 id=\"newsletter\">Newsletter<\/h2>\n<p>Nutzer haben die M\u00f6glichkeit, sich auf unserer Seite f\u00fcr Newsletter anzumelden. Dabei verarbeiten wir die bei der Anmeldung eingegebenen Daten, um eine Best\u00e4tigungsmail an die E-Mail-Adresse des Nutzers senden zu k\u00f6nnen. Nach der Best\u00e4tigung verarbeiten wir die Daten, um Newsletter versenden zu k\u00f6nnen. Zum Zwecke der Personalisierung verarbeiten wir gegebenenfalls auch den Namen des Nutzers, sofern der Nutzer diesen angegeben hat.<\/p>\n<p>Mit der Anmeldung werden Datum und Uhrzeit sowie die IP-Adresse des Nutzers gespeichert, um eine Eintragung nachweisen zu k\u00f6nnen. Diese Daten verarbeiten wir nach Abmeldung zu Nachweiszwecken weiter und l\u00f6schen sie nach Ablauf von drei Jahren zum Schluss des Jahres.<\/p>\n<p><strong>Zur Verbesserung unserer Inhalte messen wir, wie erfolgreich unsere Newsletter sind, beispielsweise wie oft sie von Nutzern ge\u00f6ffnet und welche Links geklickt wurden. Dazu enthalten E-Mails einen Z\u00e4hlpixel. Die Aktivit\u00e4ten einzelner Nutzer vollziehen wir nicht nach.<\/strong><\/p>\n<p>Rechtsgrundlage f\u00fcr die Verarbeitung ist die Einwilligung des Nutzers nach Art.\u00a06 Abs.\u00a01 UAbs.\u00a01 Buchst.\u00a0a) DSGVO. Im \u00dcbrigen erfolgt die Verarbeitung nach Art.\u00a06 Abs.\u00a01 UAbs.\u00a01 Buchst.\u00a0f) DSGVO. Berechtigte Interessen unsererseits sind der Versand von Newslettern, die personalisierte Ansprache des Nutzers und der Nachweis, dass sich der Nutzer f\u00fcr den Newsletter angemeldet hat.<\/p>\n<p><strong>Mailchimp<\/strong><\/p>\n<p>F\u00fcr den Versand von Newslettern nutzen wir Mailchimp. Anbieter: The Rocket Science Group LLC, 675 Ponce de Leon Ave NE, Suite 5000, Atlanta, GA 30308 USA.<\/p>\n<p><a href=\"https:\/\/mailchimp.com\/legal\/privacy\/\">Datenschutzerkl\u00e4rung von MailChimp<\/a><\/p>\n<h2 id=\"bestandskundenwerbung\">Bestandskundenwerbung<\/h2>\n<p>Hat der Nutzer seine E-Mail-Adresse beim Kauf von Waren oder Dienstleistungen angegeben, behalten wir uns vor, diese nach \u00a7\u00a07 Abs.\u00a03 UWG f\u00fcr Direktwerbung im Zusammenhang mit \u00e4hnlichen Waren oder Dienstleistungen zu nutzen. Dies gilt nicht, wenn der Nutzer der Verwendung widersprochen hat.<\/p>\n<p>Rechtsgrundlage f\u00fcr die Verarbeitung ist Art.\u00a06 Abs.\u00a01 UAbs.\u00a01 Buchst.\u00a0f) DSGVO. Berechtigtes Interesse unsererseits ist die F\u00f6rderung unseres Absatzes. Der Nutzer kann der Nutzung seiner E-Mail-Adresse zur Bestandskundenwerbung jederzeit mit Wirkung f\u00fcr die Zukunft widersprechen, ohne dass hierf\u00fcr andere als die \u00dcbermittlungskosten nach den Basistarifen entstehen.<\/p>\n<h2 id=\"registrierung-fuer-ein-benutzerkonto\">Registrierung f\u00fcr ein Benutzerkonto<\/h2>\n<p>Nutzer k\u00f6nnen sich auf unserer Webseite f\u00fcr unser Angebot registrieren. In diesem Zusammenhang verarbeiten wir die bei der Anmeldung eingegebenen Daten. Die E-Mail-Adresse lassen wir uns durch Zusendung eines Links best\u00e4tigen (Double-Opt-In), um einen Missbrauch der Registrierungsfunktion zu verhindern. Weiter verarbeiten wir zu diesem Zweck Datum und Uhrzeit und die IP-Adresse des Nutzers. Zu Nachweiszwecken verarbeiten wir bei einem Klick auf den Best\u00e4tigungslink ferner Datum, Uhrzeit und IP-Adresse des Nutzers.<\/p>\n<p>Die Daten werden mit der L\u00f6schung des Benutzeraccounts nach Ablauf von drei Jahren zum Schluss des Jahres gel\u00f6scht, wenn nicht eine l\u00e4ngere gesetzliche Aufbewahrungspflicht entgegensteht.<\/p>\n<p>Rechtsgrundlage f\u00fcr die Verarbeitung ist Art.\u00a06 Abs.\u00a01 UAbs.\u00a01 Buchst.\u00a0a) DSGVO, soweit wir eine Einwilligung des Nutzers einholen. Ist die Verarbeitung f\u00fcr die Erf\u00fcllung eines Vertrags oder zur Durchf\u00fchrung vorvertraglicher Ma\u00dfnahmen erforderlich, beruht sie auf Art.\u00a06 Abs.\u00a01 UAbs.\u00a01 Buchst.\u00a0b) DSGVO. Rechtsgrundlage im \u00dcbrigen ist Art.\u00a06 Abs.\u00a01 UAbs.\u00a01 Buchst.\u00a0f) DSGVO. Unser berechtigtes Interesse besteht darin, den Nutzern einen Zugang zu unserem registrierungspflichtigen Angebot zu erm\u00f6glichen, uns vor einem Missbrauch der Registrierungsfunktion zu sch\u00fctzen und eine ordnungsgem\u00e4\u00dfe Eintragung nachweisen zu k\u00f6nnen. Nach der L\u00f6schung des Benutzeraccounts besteht unser berechtigtes Interesse \u00fcberdies in der Abwehr m\u00f6glicher Anspr\u00fcche.<\/p>\n<h2 id=\"bestellungen-und-zahlungsabwicklung\">Bestellungen und Zahlungsabwicklung<\/h2>\n<p>Bei einer Bestellung in unserem Onlineshop verarbeiten wir die bei der Bestellung angegeben Daten wie z.B. Name, Bankverbindung oder Zahlungsdaten zur Abwicklung der Bestellung. An unsere Zahlungsdienstleister geben wir Zahlungsdaten nur weiter, soweit dies zur Abwicklung der Zahlung erforderlich ist.<\/p>\n<p>Rechtsgrundlage f\u00fcr die Verarbeitung von Bestelldaten ist Art.\u00a06 Abs.\u00a01 UAbs.\u00a01 Buchst.\u00a0b) DSGVO. Hinterlegt der Nutzer seine Bestelldaten in einem Benutzerkonto, ist Art.\u00a06 Abs.\u00a01 UAbs.\u00a01 Buchst.\u00a0a) DSGVO die Rechtsgrundlage. Im \u00dcbrigen beruht die Verarbeitung auf Art.\u00a06 Abs.\u00a01 UAbs.\u00a01 Buchst.\u00a0f) DSGVO. Unser berechtigtes Interesse besteht in der Abwicklung von R\u00fcckzahlungen und der Verfolgung von Anspr\u00fcchen.<\/p>\n<p>Bestell- und Zahlungsdaten werden gel\u00f6scht, sobald sie f\u00fcr die Abwicklung der Bestellung einschlie\u00dflich einer R\u00fcckabwicklung der Zahlung (z.B. wegen eines Widerrufs oder eines R\u00fccktritts vom Vertrags) und eine Bearbeitung von Gew\u00e4hrleistungsf\u00e4llen nicht mehr erforderlich sind und keine gesetzlichen Aufbewahrungspflichten bestehen. F\u00fcr den Fall, dass der Nutzer seine Bestelldaten f\u00fcr eine nochmalige Bestellung in seinem Benutzerkonto hinterlegt hat, werden die Daten gemeinsam mit dem Benutzerkonto gel\u00f6scht, wenn sie f\u00fcr die Abwicklung einer konkreten Bestellung nicht erforderlich sind.<\/p>\n<h2 id=\"weitere-drittdienste\">Weitere Drittdienste<\/h2>\n<p><strong>Matomo Analytics<\/strong><\/p>\n<p>Die Reichweite unserer Webseite messen wir mit Matomo, einem Open-Source-Tool, das wir auf unserem eigenen Server betreiben.<\/p>\n<p>Dabei wird ggf. ein Cookie auf dem Endger\u00e4t des Nutzers gesetzt, \u00fcber das die Aktivit\u00e4ten nachverfolgt und beispielsweise wiederkehrende Besuche erkannt werden k\u00f6nnen. Die IP-Adresse des Nutzers wird automatisch gek\u00fcrzt, damit ist ein R\u00fcckschluss auf einzelne Personen nicht mehr m\u00f6glich. Ausgewertet werden unter anderem der ungef\u00e4hre geografische Standort, Endger\u00e4t, Bildschirmaufl\u00f6sung, Browser sowie besuchte Seiten einschlie\u00dflich der Verweildauer.<\/p>\n<p>Soweit wir eine Einwilligung des Nutzers einholen, erfolgt die Verarbeitung von Daten auf der Rechtsgrundlage des Art.\u00a06 Abs.\u00a01 UAbs.\u00a01 Buchst.\u00a0a) DSGVO. Im \u00dcbrigen beruht sie auf Art.\u00a06 Abs.\u00a01 UAbs.\u00a01 Buchst.\u00a0f) DSGVO. Unser berechtigtes Interesse besteht in der Optimierung unserer Webseite, der Verbesserung unserer Angebote und dem Online-Marketing.<\/p>\n<p>[HIER OPT-OUT EINF\u00dcGEN]<\/p>\n<p><strong>YouTube<\/strong><\/p>\n<p>Wir binden Videos von YouTube ein. Anbieter: Google Ireland Ltd., Google Building Gordon House, 4 Barrow St, Dublin, D04 E5W5, Irland. Dabei nutzen wir den erweiterten Datenschutzmodus, sodass YouTube das Nutzerverhalten nicht nachvollzieht, es sei denn der Nutzer sieht sich das Video an. Um Videos bereitstellen zu k\u00f6nnen ist es technisch notwendig, die IP-Adresse des Nutzers an YouTube zu \u00fcbertragen.<\/p>\n<p>Der Einsatz von YouTube erfolgt auf der Rechtsgrundlage von Art.\u00a06 Abs.\u00a01 UAbs.\u00a01 Buchst.\u00a0f) DSGVO. Unser berechtigtes Interesse besteht in der Verbesserung des Nutzungserlebnisses unserer Webseite und der Darstellung von Inhalten, die f\u00fcr unsere Nutzer interessant sind.<\/p>\n<p>Sie k\u00f6nnen personalisierter Werbung durch Google jederzeit widersprechen, indem Sie das nachfolgende Opt-Out wahrnehmen.<\/p>\n<p><a href=\"https:\/\/adssettings.google.com\/authenticated?hl=de\">Opt-Out<\/a><\/p>\n<p><a href=\"https:\/\/policies.google.com\/privacy?hl=de\">Datenschutzerkl\u00e4rung von YouTube<\/a><\/p>\n<p><strong>Google Maps<\/strong><\/p>\n<p>Um geografische Karten darstellen zu k\u00f6nnen, nutzen wir Google Maps. Anbieter: Google Ireland Ltd., Google Building Gordon House, 4 Barrow St, Dublin, D04 E5W5, Irland. Dabei ist es technisch notwendig, die IP-Adresse des Nutzers an Google zu \u00fcbertragen. Zus\u00e4tzlich setzt das Unternehmen verschiedene Cookies, um den Nutzer zu identifizieren und personalisierte Werbung auszuspielen.<\/p>\n<p>Soweit wir eine Einwilligung des Nutzers einholen, erfolgt die Verarbeitung von Daten auf der Rechtsgrundlage des Art.\u00a06 Abs.\u00a01 UAbs.\u00a01 Buchst.\u00a0a) DSGVO. Im \u00dcbrigen beruht sie auf Art.\u00a06 Abs.\u00a01 UAbs.\u00a01 Buchst.\u00a0f) DSGVO. Unser berechtigtes Interesse besteht in der nutzerfreundlichen Gestaltung unserer Webseite.<\/p>\n<p>Wir haben mit Google eine <a href=\"https:\/\/cloud.google.com\/maps-platform\/terms\/maps-controller-terms\/\" rel=\"noopener noreferrer nofollow\">Vereinbarung \u00fcber die gemeinsame Verantwortlichkeit abgeschlossen<\/a>.<\/p>\n<p><a href=\"https:\/\/adssettings.google.com\/\">Opt-Out<\/a><\/p>\n<p><a href=\"https:\/\/policies.google.com\/privacy?hl=de\">Datenschutzerkl\u00e4rung von Google Maps<\/a><\/p>\n<p><strong>Google Fonts<\/strong><\/p>\n<p>Auf unserer Webseite nutzen wir Google Fonts. Anbieter: Google Ireland Ltd., Google Building Gordon House, 4 Barrow St, Dublin, D04 E5W5, Irland.<\/p>\n<p>Schriftarten werden vom Google-Server geladen. Um eine Verbindung zum Server aufzubauen, ist es technisch notwendig, die IP-Adresse des Nutzers zu \u00fcbertragen.<\/p>\n<p>Rechtsgrundlage der Verarbeitung ist Art.\u00a06 Abs.\u00a01 UAbs.\u00a01 Buchst.\u00a0f) DSGVO. Unser berechtigtes Interesse besteht in der Verk\u00fcrzung von Ladezeiten und einer einheitlichen Darstellung auf unterschiedlichen Endger\u00e4ten.<\/p>\n<p><a href=\"https:\/\/policies.google.com\/privacy?hl=de\">Datenschutzerkl\u00e4rung von Google Fonts<\/a><\/p>\n<h2 id=\"profile-in-sozialen-netzwerken\">Profile in sozialen Netzwerken<\/h2>\n<p>Wir sind in einem oder mehreren sozialen Netzwerken pr\u00e4sent. Im Einzelnen handelt es sich um: Facebook, Instagram oder LinkedIn. Bei einer Kontaktaufnahme verarbeiten wir personenbezogene Daten wie oben unter Kontaktaufnahme beschrieben.<\/p>\n<p>Die Anbieter von sozialen Netzwerken verarbeiten Daten entsprechend ihrer Datenschutzbestimmungen, die hier aufgerufen werden k\u00f6nnen:<\/p>\n<ul>\n<li><a href=\"https:\/\/facebook.com\/policy.php\" target=\"_blank\" rel=\"noopener\">Facebook<\/a><\/li>\n<li><a href=\"https:\/\/de-de.facebook.com\/help\/instagram\/155833707900388\" target=\"_blank\" rel=\"noopener\">Instagram<\/a><\/li>\n<li><a href=\"https:\/\/www.linkedin.com\/legal\/privacy-policy?_l=de_DE\" target=\"_blank\" rel=\"noopener\">LinkedIn<\/a><\/li>\n<\/ul>\n<p>Ist ein Nutzer mit seinem Account eingeloggt, k\u00f6nnen ihm die Aktivit\u00e4ten auf unserem Profil in dem jeweiligen sozialen Netzwerk gegebenenfalls zugeordnet werden. Dies kann ger\u00e4te\u00fcbergreifend und ggf. auch ohne Login erfolgen, beispielsweise unter Verwendung von Cookies oder Mobile Identifiern. Die Anbieter sozialer Netzwerke erstellen anhand der gesammelten Daten pseudonymisierte Nutzerprofile, mit denen sie insbesondere personalisierte Werbung ausspielen k\u00f6nnen.<\/p>\n<h2 id=\"rechte-betroffener-personen\">Rechte betroffener Personen<\/h2>\n<p>Werden personenbezogene Daten des Nutzers verarbeitet, ist er betroffene Person im Sinne der DSGVO. Betroffenen Personen stehen die folgenden Rechte zu:<\/p>\n<p><strong>Recht auf Auskunft:<\/strong> Die betroffene Person hat das Recht, eine Best\u00e4tigung dar\u00fcber zu verlangen, ob sie betreffende personenbezogene Daten verarbeitet werden. Werden personenbezogene Daten verarbeitet, so hat die betroffene Person ein Recht auf unentgeltliche Auskunft sowie auf eine Kopie der personenbezogenen Daten, die Gegenstand der Verarbeitung sind.<\/p>\n<p><strong>Recht auf Berichtigung:<\/strong> Die betroffene Person hat das Recht, die unverz\u00fcgliche Berichtigung unrichtiger oder Vervollst\u00e4ndigung unvollst\u00e4ndiger personenbezogener Daten zu verlangen.<\/p>\n<p><strong>Recht auf L\u00f6schung:<\/strong> Die betroffene Person hat das Recht, nach Ma\u00dfgabe der gesetzlichen Bestimmungen eine unverz\u00fcgliche L\u00f6schung sie betreffender personenbezogener Daten zu verlangen.<\/p>\n<p><strong>Recht auf Einschr\u00e4nkung der Verarbeitung:<\/strong> Die betroffene Person hat das Recht, nach Ma\u00dfgabe der gesetzlichen Bestimmungen eine Einschr\u00e4nkung der Verarbeitung sie betreffender personenbezogener Daten zu verlangen.<\/p>\n<p><strong>Recht auf Daten\u00fcbertragbarkeit:<\/strong> Die betroffene Person hat das Recht, die sie betreffenden personenbezogenen Daten in einem strukturierten, g\u00e4ngigen und maschinenlesbaren Format zu erhalten oder eine \u00dcbermittlung an einen anderen Verantwortlichen zu verlangen.<\/p>\n<p><strong>Recht auf Widerspruch:<\/strong> Die betroffene Person hat das Recht, aus Gr\u00fcnden, die sich aus ihrer besonderen Situation ergeben, jederzeit gegen die Verarbeitung sie betreffender personenbezogener Daten, die aufgrund von Art.\u00a06 Abs.\u00a01 UAbs.\u00a01 Buchst.\u00a0e) oder f) DSGVO erfolgt, Widerspruch einzulegen; dies gilt auch f\u00fcr ein auf diese Bestimmungen gest\u00fctztes Profiling. Werden personenbezogene Daten verarbeitet, um Direktwerbung zu betreiben, so hat die betroffene Person das Recht, jederzeit Widerspruch gegen die Verarbeitung sie betreffender personenbezogener Daten zum Zwecke derartiger Werbung einzulegen; dies gilt auch f\u00fcr das Profiling, soweit es mit solcher Direktwerbung in Verbindung steht.<\/p>\n<p><strong>Recht auf Widerruf:<\/strong> Die betroffene Person hat das Recht, ihre erteilte Einwilligung jederzeit zu widerrufen.<\/p>\n<p><strong>Recht auf Beschwerde:<\/strong> Die betroffene Person hat das Recht, sich bei einer Aufsichtsbeh\u00f6rde zu beschweren.<\/p>\n<p><strong>Stand der Datenschutzerkl\u00e4rung:<\/strong> 12. Juli 2021<\/p>\n<p>Diese Datenschutzerkl\u00e4rung wurde mit dem Generator von <a href=\"https:\/\/www.einfach-abmahnsicher.de\">Einfach Abmahnsicher<\/a> in Kooperation mit <a href=\"https:\/\/www.prigge-recht.de\">PRIGGE Recht<\/a> erstellt.<\/p>\n","protected":false},"excerpt":{"rendered":"<p>Datenschutzerkl\u00e4rung Wie wir mit Ihren personenbezogenen Daten umgehen, erl\u00e4utern wir Ihnen in dieser Datenschutzerkl\u00e4rung. Ma\u00dfgabe ist das geltende Datenschutzrecht, insbesondere die Datenschutz-Grundverordnung (DSGVO). Mit Ausnahme der Dienstleister und Drittanbieter, die wir in dieser Datenschutzerkl\u00e4rung benennen, geben wir keine Daten an Dritte weiter. Wenn Sie Fragen haben, sprechen Sie uns gerne an. Inhalt Verantwortlicher Allgemeine Informationen [&hellip;]<\/p>\n","protected":false},"author":1,"featured_media":0,"parent":0,"menu_order":0,"comment_status":"closed","ping_status":"closed","template":"","meta":{"_regular_price":[],"currency_symbol":[],"footnotes":""},"class_list":["post-374","page","type-page","status-publish","hentry"],"post_slider_layout_featured_media_urls":{"thumbnail":"","post_slider_layout_landscape_large":"","post_slider_layout_portrait_large":"","post_slider_layout_square_large":"","post_slider_layout_landscape":"","post_slider_layout_portrait":"","post_slider_layout_square":"","full":""},"_links":{"self":[{"href":"https:\/\/www.ferienhaus-usedom.com\/index.php?rest_route=\/wp\/v2\/pages\/374","targetHints":{"allow":["GET"]}}],"collection":[{"href":"https:\/\/www.ferienhaus-usedom.com\/index.php?rest_route=\/wp\/v2\/pages"}],"about":[{"href":"https:\/\/www.ferienhaus-usedom.com\/index.php?rest_route=\/wp\/v2\/types\/page"}],"author":[{"embeddable":true,"href":"https:\/\/www.ferienhaus-usedom.com\/index.php?rest_route=\/wp\/v2\/users\/1"}],"replies":[{"embeddable":true,"href":"https:\/\/www.ferienhaus-usedom.com\/index.php?rest_route=%2Fwp%2Fv2%2Fcomments&post=374"}],"version-history":[{"count":4,"href":"https:\/\/www.ferienhaus-usedom.com\/index.php?rest_route=\/wp\/v2\/pages\/374\/revisions"}],"predecessor-version":[{"id":2566,"href":"https:\/\/www.ferienhaus-usedom.com\/index.php?rest_route=\/wp\/v2\/pages\/374\/revisions\/2566"}],"wp:attachment":[{"href":"https:\/\/www.ferienhaus-usedom.com\/index.php?rest_route=%2Fwp%2Fv2%2Fmedia&parent=374"}],"curies":[{"name":"wp","href":"https:\/\/api.w.org\/{rel}","templated":true}]}}