{"id":356,"date":"2021-07-11T21:39:40","date_gmt":"2021-07-11T21:39:40","guid":{"rendered":"https:\/\/www.ferienhaus-usedom.com\/?page_id=356"},"modified":"2024-07-23T20:10:48","modified_gmt":"2024-07-23T20:10:48","slug":"impressum","status":"publish","type":"page","link":"https:\/\/www.ferienhaus-usedom.com\/?page_id=356","title":{"rendered":"Impressum"},"content":{"rendered":"\t\t<div data-elementor-type=\"wp-page\" data-elementor-id=\"356\" class=\"elementor elementor-356\" data-elementor-post-type=\"page\">\n\t\t\t\t\t\t<section class=\"elementor-section elementor-top-section elementor-element elementor-element-5827659a elementor-section-boxed elementor-section-height-default elementor-section-height-default\" data-id=\"5827659a\" data-element_type=\"section\" data-e-type=\"section\">\n\t\t\t\t\t\t<div class=\"elementor-container elementor-column-gap-default\">\n\t\t\t\t\t<div class=\"elementor-column elementor-col-100 elementor-top-column elementor-element elementor-element-56e18568\" data-id=\"56e18568\" data-element_type=\"column\" data-e-type=\"column\">\n\t\t\t<div class=\"elementor-widget-wrap elementor-element-populated\">\n\t\t\t\t\t\t<div class=\"elementor-element elementor-element-51b29c5c elementor-widget elementor-widget-text-editor\" data-id=\"51b29c5c\" data-element_type=\"widget\" data-e-type=\"widget\" data-widget_type=\"text-editor.default\">\n\t\t\t\t<div class=\"elementor-widget-container\">\n\t\t\t\t\t\t\t\t\t<h1>Impressum<\/h1><p>Ferienhaus Usedom<\/p><p>Rene Stopp<br \/>Gnitzer Weg 21<\/p><p>17440 L\u00fctow<\/p><p>Ust-ID: DE320261215<\/p><p>Telefon: 015908466696<br \/>E-Mail: Info@ferienhaus-usedom.com<\/p><p>Die Europ\u00e4ische Kommission stellt eine Plattform zur Online-Streitbeilegung (OS) bereit, die von Verbrauchern zur au\u00dfergerichtlichen Beilegung von Streitigkeiten genutzt werden kann: <a href=\"http:\/\/ec.europa.eu\/consumers\/odr\" rel=\"noopener noreferrer nofollow\">http:\/\/ec.europa.eu\/consumers\/odr<\/a><\/p><p>Dieses Impressum wurde mit dem Generator von <a href=\"https:\/\/www.einfach-abmahnsicher.de\">Einfach Abmahnsicher<\/a> in Kooperation mit <a href=\"https:\/\/www.prigge-recht.de\">PRIGGE Recht<\/a> erstellt.Gnitzer<\/p>\t\t\t\t\t\t\t\t<\/div>\n\t\t\t\t<\/div>\n\t\t\t\t\t<\/div>\n\t\t<\/div>\n\t\t\t\t\t<\/div>\n\t\t<\/section>\n\t\t\t\t<\/div>\n\t\t","protected":false},"excerpt":{"rendered":"<p>Impressum Ferienhaus Usedom Rene StoppGnitzer Weg 21 17440 L\u00fctow Ust-ID: DE320261215 Telefon: 015908466696E-Mail: Info@ferienhaus-usedom.com Die Europ\u00e4ische Kommission stellt eine Plattform zur Online-Streitbeilegung (OS) bereit, die von Verbrauchern zur au\u00dfergerichtlichen Beilegung von Streitigkeiten genutzt werden kann: http:\/\/ec.europa.eu\/consumers\/odr Dieses Impressum wurde mit dem Generator von Einfach Abmahnsicher in Kooperation mit PRIGGE Recht erstellt.Gnitzer<\/p>\n","protected":false},"author":1,"featured_media":0,"parent":0,"menu_order":0,"comment_status":"closed","ping_status":"closed","template":"elementor_header_footer","meta":{"_regular_price":[],"currency_symbol":[],"footnotes":""},"class_list":["post-356","page","type-page","status-publish","hentry"],"post_slider_layout_featured_media_urls":{"thumbnail":"","post_slider_layout_landscape_large":"","post_slider_layout_portrait_large":"","post_slider_layout_square_large":"","post_slider_layout_landscape":"","post_slider_layout_portrait":"","post_slider_layout_square":"","full":""},"_links":{"self":[{"href":"https:\/\/www.ferienhaus-usedom.com\/index.php?rest_route=\/wp\/v2\/pages\/356","targetHints":{"allow":["GET"]}}],"collection":[{"href":"https:\/\/www.ferienhaus-usedom.com\/index.php?rest_route=\/wp\/v2\/pages"}],"about":[{"href":"https:\/\/www.ferienhaus-usedom.com\/index.php?rest_route=\/wp\/v2\/types\/page"}],"author":[{"embeddable":true,"href":"https:\/\/www.ferienhaus-usedom.com\/index.php?rest_route=\/wp\/v2\/users\/1"}],"replies":[{"embeddable":true,"href":"https:\/\/www.ferienhaus-usedom.com\/index.php?rest_route=%2Fwp%2Fv2%2Fcomments&post=356"}],"version-history":[{"count":17,"href":"https:\/\/www.ferienhaus-usedom.com\/index.php?rest_route=\/wp\/v2\/pages\/356\/revisions"}],"predecessor-version":[{"id":2564,"href":"https:\/\/www.ferienhaus-usedom.com\/index.php?rest_route=\/wp\/v2\/pages\/356\/revisions\/2564"}],"wp:attachment":[{"href":"https:\/\/www.ferienhaus-usedom.com\/index.php?rest_route=%2Fwp%2Fv2%2Fmedia&parent=356"}],"curies":[{"name":"wp","href":"https:\/\/api.w.org\/{rel}","templated":true}]}}