{"id":2086,"date":"2024-03-12T14:20:59","date_gmt":"2024-03-12T14:20:59","guid":{"rendered":"https:\/\/www.ferienhaus-usedom.com\/?page_id=2086"},"modified":"2025-04-12T22:21:49","modified_gmt":"2025-04-12T22:21:49","slug":"hausordnung","status":"publish","type":"page","link":"https:\/\/www.ferienhaus-usedom.com\/?page_id=2086","title":{"rendered":"Hausordnung"},"content":{"rendered":"\n<p><\/p>\n\n\n\n<p>Liebe Ferieng\u00e4ste!<\/p>\n\n\n\n<p><\/p>\n\n\n\n<p>Unsere Ferienh\u00e4user sollen Ihnen ein zweites zu Hause sein. Sie sollen sich wohlf\u00fchlen und ausruhen k\u00f6nnen. Wir haben uns mit der Einrichtung viel M\u00fche gegeben und hoffen, dass Sie alles vorfinden, was Sie ben\u00f6tigen. Die nachstehende Hausordnung soll eine Hilfestellung f\u00fcr einen harmonischen Aufenthalt sein. Au\u00dferdem haben wir einige Regeln aufgef\u00fchrt, von denen wir hoffen, dass sie Ihr Verst\u00e4ndnis finden. Durch eine ordentliche Behandlung helfen Sie uns auch in Zukunft, Ihnen und anderen G\u00e4sten zufriedenstellende R\u00e4umlichkeiten anzubieten.<\/p>\n\n\n\n<p><strong>Allgemein<\/strong><\/p>\n\n\n\n<p>Sollten Sie irgendetwas in der Einrichtung vermissen oder wenn Sie Hilfe brauchen, wenden Sie sich vertrauensvoll an uns. S\u00e4mtliche Dinge, die sich im Ferienhaus oder auf der Terrasse befinden, oder dazugeh\u00f6ren, d\u00fcrfen und sollen von den G\u00e4sten benutzt werden. Bitte gehen Sie mit der gesamten Einrichtung und dem Inventar sorgsam um und behandeln Sie das Mietobjekt pfleglich.<\/p>\n\n\n\n<p><strong>K\u00fcche<\/strong><\/p>\n\n\n\n<p>Bitte gehen Sie pfleglich mit der K\u00fccheneinrichtung und den technischen Ger\u00e4ten um. Da eine verschmutzte K\u00fcche niemanden erfreut, stellen Sie bitte Geschirr, T\u00f6pfe und Besteck nur in sauberem und trockenem Zustand in die Schr\u00e4nke. Stellen Sie hei\u00dfe T\u00f6pfe und andere hei\u00dfe Gegenst\u00e4nde bitte nicht ohne Untersetzer auf die Tische oder die Arbeitsplatte. Benutzen Sie zum Schneiden immer ein Schneidebrett als Unterlage. Hinterlassen Sie den Innenraum vom Backofen bitte im sauberen Zustand.<\/p>\n\n\n\n<p><strong>Besch\u00e4digungen<\/strong><\/p>\n\n\n\n<p>Niemand besch\u00e4digt absichtlich Sachen, es kann jedoch jedem passieren, dass einmal etwas kaputt geht. Wir w\u00fcrden uns freuen, wenn Sie den entstandenen Schaden mitteilen und wir diesen, nicht erst nach Ihrer Abreise bei der Endreinigung feststellen. Der Mieter haftet f\u00fcr Besch\u00e4digungen, in H\u00f6he der Wiederbeschaffungskosten.<\/p>\n\n\n\n<p><strong>L\u00fcften<\/strong><\/p>\n\n\n\n<p>Zur Vermeidung von Schimmelbildung bitten wir Sie die R\u00e4ume ausreichend zu l\u00fcften, mindestens 1x Sto\u00dfl\u00fcftung am Tag f\u00fcr 5-10 min und insbesondere nach dem Duschen.<\/p>\n\n\n\n<p><strong>Sorgfaltspflicht<\/strong><\/p>\n\n\n\n<p>Wir bitten unsere G\u00e4ste, das Mietobjekt pfleglich zu behandeln und daf\u00fcr Sorge zu tragen, dass auch Mitreisende und Angeh\u00f6rigen die Mietbedingungen einhalten. Die Eingangst\u00fcr soll grunds\u00e4tzlich geschlossen sein und beim Verlassen des Hauses per Schl\u00fcssel verschlossen werden. Ebenso sind auch alle Fenster bei Verlassen der Wohnung zu schlie\u00dfen, um m\u00f6gliche Sch\u00e4den durch Unwetter oder Einbruch zu vermeiden. Bei Regen bitten wir Sie die Dachfenster zu schlie\u00dfen. Mit den Ressourcen Wasser und Strom ist schonend umzugehen.<\/p>\n\n\n\n<p><strong>Entsorgung<\/strong><\/p>\n\n\n\n<p>Der Abfall wird nach Restm\u00fcll, Glas, Papier, Bio-Abf\u00e4lle und Verpackungen mit dem gr\u00fcnen Punkt getrennt. Entsprechende Beh\u00e4ltnisse stehen auf dem Grundst\u00fcck zur Verf\u00fcgung. M\u00fclleimer und Kosmetikeimer im Bad bitte nur mit M\u00fcllt\u00fcten benutzen und diese verschlossen entsorgen. In die K\u00fcchensp\u00fcle, die Toiletten, die Waschbecken und Dusche d\u00fcrfen keine Abf\u00e4lle, Essensreste, sch\u00e4dliche Fl\u00fcssigkeiten oder \u00c4hnliches geworfen bzw. gesch\u00fcttet werden! Vermeiden sie alles, was zu Verstopfungen der Leitungen f\u00fchren kann (keine Hygieneartikel in die Toilette).<\/p>\n\n\n\n<p><strong>Reinigung<\/strong><\/p>\n\n\n\n<p>Wir bitten Sie, die Ferienwohnung bei Abreise besenrein zu hinterlassen und alles benutzte Geschirr wieder sauber in die Schr\u00e4nke einzur\u00e4umen.<\/p>\n\n\n\n<p><strong>Ruhezeiten<\/strong><\/p>\n\n\n\n<p>Im Sinne einer guten Nachbarschaft bitten wir Sie, die \u00f6ffentlichen Ruhezeiten wie Mittag-, Nacht- und Sonntagsruhe einzuhalten.<\/p>\n\n\n\n<p><strong>Rauchen<\/strong><\/p>\n\n\n\n<p>Rauchen ist im Ferienhaus nicht erlaubt. Bitte verlassen Sie zum Rauchen die Ferienwohnung\/das Ferienhaus. Entsorgen Sie bitte die vollst\u00e4ndig erkalteten Zigarettenreste in die M\u00fclltonne.<\/p>\n\n\n\n<p><strong>Haustiere<\/strong><\/p>\n\n\n\n<p>Das Mitbringen von Hunden ist nach Absprache mit den Vermietern erlaubt. Wir bitten Sie Ihren Hund nur im Untergeschoss zu lassen.<\/p>\n\n\n\n<p><strong>An- und Abreise<\/strong><\/p>\n\n\n\n<p>Die Anreise erfolgt nach Absprache. Am Abreisetag bitten wir unsere G\u00e4ste das Ferienhaus bis sp\u00e4testens 9Uhr freizugeben. Bei Ihrer Abreise sollte das Ferienhaus wieder so aussehen, wie Sie sie vorgefunden haben.<\/p>\n\n\n\n<p>Wir w\u00fcnschen Ihnen einen angenehmen Aufenthalt, viel Spa\u00df, Entspannung und Erholung. Bei Fragen stehen wir Ihnen gern zur Verf\u00fcgung.<\/p>\n\n\n\n<p>Familie Stopp<br>Mobil: 015908466696<br>E-Mail: info@ferienhaus-usedom.com www.ferienhaus-usedom.com<\/p>\n","protected":false},"excerpt":{"rendered":"<p>Liebe Ferieng\u00e4ste! Unsere Ferienh\u00e4user sollen Ihnen ein zweites zu Hause sein. Sie sollen sich wohlf\u00fchlen und ausruhen k\u00f6nnen. Wir haben uns mit der Einrichtung viel M\u00fche gegeben und hoffen, dass Sie alles vorfinden, was Sie ben\u00f6tigen. Die nachstehende Hausordnung soll eine Hilfestellung f\u00fcr einen harmonischen Aufenthalt sein. Au\u00dferdem haben wir einige Regeln aufgef\u00fchrt, von denen [&hellip;]<\/p>\n","protected":false},"author":2,"featured_media":0,"parent":0,"menu_order":0,"comment_status":"closed","ping_status":"closed","template":"","meta":{"_regular_price":[],"currency_symbol":[],"footnotes":""},"class_list":["post-2086","page","type-page","status-publish","hentry"],"post_slider_layout_featured_media_urls":{"thumbnail":"","post_slider_layout_landscape_large":"","post_slider_layout_portrait_large":"","post_slider_layout_square_large":"","post_slider_layout_landscape":"","post_slider_layout_portrait":"","post_slider_layout_square":"","full":""},"_links":{"self":[{"href":"https:\/\/www.ferienhaus-usedom.com\/index.php?rest_route=\/wp\/v2\/pages\/2086","targetHints":{"allow":["GET"]}}],"collection":[{"href":"https:\/\/www.ferienhaus-usedom.com\/index.php?rest_route=\/wp\/v2\/pages"}],"about":[{"href":"https:\/\/www.ferienhaus-usedom.com\/index.php?rest_route=\/wp\/v2\/types\/page"}],"author":[{"embeddable":true,"href":"https:\/\/www.ferienhaus-usedom.com\/index.php?rest_route=\/wp\/v2\/users\/2"}],"replies":[{"embeddable":true,"href":"https:\/\/www.ferienhaus-usedom.com\/index.php?rest_route=%2Fwp%2Fv2%2Fcomments&post=2086"}],"version-history":[{"count":3,"href":"https:\/\/www.ferienhaus-usedom.com\/index.php?rest_route=\/wp\/v2\/pages\/2086\/revisions"}],"predecessor-version":[{"id":3078,"href":"https:\/\/www.ferienhaus-usedom.com\/index.php?rest_route=\/wp\/v2\/pages\/2086\/revisions\/3078"}],"wp:attachment":[{"href":"https:\/\/www.ferienhaus-usedom.com\/index.php?rest_route=%2Fwp%2Fv2%2Fmedia&parent=2086"}],"curies":[{"name":"wp","href":"https:\/\/api.w.org\/{rel}","templated":true}]}}