{"id":1894,"date":"2024-03-12T09:24:34","date_gmt":"2024-03-12T09:24:34","guid":{"rendered":"https:\/\/www.ferienhaus-usedom.com\/?page_id=1894"},"modified":"2024-06-05T15:04:54","modified_gmt":"2024-06-05T15:04:54","slug":"lage","status":"publish","type":"page","link":"https:\/\/www.ferienhaus-usedom.com\/?page_id=1894","title":{"rendered":"Lage"},"content":{"rendered":"\t\t<div data-elementor-type=\"wp-page\" data-elementor-id=\"1894\" class=\"elementor elementor-1894\" data-elementor-post-type=\"page\">\n\t\t\t\t\t\t<section class=\"elementor-section elementor-top-section elementor-element elementor-element-e06540c elementor-section-boxed elementor-section-height-default elementor-section-height-default\" data-id=\"e06540c\" data-element_type=\"section\" data-e-type=\"section\">\n\t\t\t\t\t\t<div class=\"elementor-container elementor-column-gap-default\">\n\t\t\t\t\t<div class=\"elementor-column elementor-col-100 elementor-top-column elementor-element elementor-element-9bcef27\" data-id=\"9bcef27\" data-element_type=\"column\" data-e-type=\"column\">\n\t\t\t<div class=\"elementor-widget-wrap elementor-element-populated\">\n\t\t\t\t\t\t<div class=\"elementor-element elementor-element-d0dbdf5 elementor-widget elementor-widget-heading\" data-id=\"d0dbdf5\" data-element_type=\"widget\" data-e-type=\"widget\" data-widget_type=\"heading.default\">\n\t\t\t\t<div class=\"elementor-widget-container\">\n\t\t\t\t\t<h2 class=\"elementor-heading-title elementor-size-default\">Lage<\/h2>\t\t\t\t<\/div>\n\t\t\t\t<\/div>\n\t\t\t\t\t<\/div>\n\t\t<\/div>\n\t\t\t\t\t<\/div>\n\t\t<\/section>\n\t\t\t\t<section class=\"elementor-section elementor-top-section elementor-element elementor-element-ddf58ac elementor-section-boxed elementor-section-height-default elementor-section-height-default\" data-id=\"ddf58ac\" data-element_type=\"section\" data-e-type=\"section\">\n\t\t\t\t\t\t<div class=\"elementor-container elementor-column-gap-default\">\n\t\t\t\t\t<div class=\"elementor-column elementor-col-100 elementor-top-column elementor-element elementor-element-ee60057\" data-id=\"ee60057\" data-element_type=\"column\" data-e-type=\"column\">\n\t\t\t<div class=\"elementor-widget-wrap elementor-element-populated\">\n\t\t\t\t\t\t<div class=\"elementor-element elementor-element-b16ae83 elementor-widget elementor-widget-image-gallery\" data-id=\"b16ae83\" data-element_type=\"widget\" data-e-type=\"widget\" data-widget_type=\"image-gallery.default\">\n\t\t\t\t<div class=\"elementor-widget-container\">\n\t\t\t\t\t\t\t<div class=\"elementor-image-gallery\">\n\t\t\t\n\t\t<style type=\"text\/css\">\n\t\t\t#gallery-1 {\n\t\t\t\tmargin: auto;\n\t\t\t}\n\t\t\t#gallery-1 .gallery-item {\n\t\t\t\tfloat: left;\n\t\t\t\tmargin-top: 10px;\n\t\t\t\ttext-align: center;\n\t\t\t\twidth: 25%;\n\t\t\t}\n\t\t\t#gallery-1 img {\n\t\t\t\tborder: 2px solid #cfcfcf;\n\t\t\t}\n\t\t\t#gallery-1 .gallery-caption {\n\t\t\t\tmargin-left: 0;\n\t\t\t}\n\t\t\t\/* see gallery_shortcode() in wp-includes\/media.php *\/\n\t\t<\/style>\n\t\t<div id='gallery-1' class='gallery galleryid-1894 gallery-columns-4 gallery-size-thumbnail'><dl class='gallery-item'>\n\t\t\t<dt class='gallery-icon landscape'>\n\t\t\t\t<a data-elementor-open-lightbox=\"yes\" data-elementor-lightbox-slideshow=\"b16ae83\" data-elementor-lightbox-title=\"IMG-20220803-WA0014\" data-e-action-hash=\"#elementor-action%3Aaction%3Dlightbox%26settings%3DeyJpZCI6NzQyLCJ1cmwiOiJodHRwczpcL1wvd3d3LmZlcmllbmhhdXMtdXNlZG9tLmNvbVwvd3AtY29udGVudFwvdXBsb2Fkc1wvMjAyMlwvMDhcL0lNRy0yMDIyMDgwMy1XQTAwMTQuanBnIiwic2xpZGVzaG93IjoiYjE2YWU4MyJ9\" href='https:\/\/www.ferienhaus-usedom.com\/wp-content\/uploads\/2022\/08\/IMG-20220803-WA0014.jpg'><img decoding=\"async\" width=\"150\" height=\"150\" src=\"https:\/\/www.ferienhaus-usedom.com\/wp-content\/uploads\/2022\/08\/IMG-20220803-WA0014-150x150.jpg\" class=\"attachment-thumbnail size-thumbnail\" alt=\"\" aria-describedby=\"gallery-1-742\" srcset=\"https:\/\/www.ferienhaus-usedom.com\/wp-content\/uploads\/2022\/08\/IMG-20220803-WA0014-150x150.jpg 150w, https:\/\/www.ferienhaus-usedom.com\/wp-content\/uploads\/2022\/08\/IMG-20220803-WA0014-1200x1200.jpg 1200w, https:\/\/www.ferienhaus-usedom.com\/wp-content\/uploads\/2022\/08\/IMG-20220803-WA0014-600x600.jpg 600w\" sizes=\"(max-width: 150px) 100vw, 150px\" \/><\/a>\n\t\t\t<\/dt>\n\t\t\t\t<dd class='wp-caption-text gallery-caption' id='gallery-1-742'>\n\t\t\t\tLage der Ferienh\u00e4user -Blick von Norden\n\t\t\t\t<\/dd><\/dl><dl class='gallery-item'>\n\t\t\t<dt class='gallery-icon landscape'>\n\t\t\t\t<a data-elementor-open-lightbox=\"yes\" data-elementor-lightbox-slideshow=\"b16ae83\" data-elementor-lightbox-title=\"IMG-20220803-WA0016\" data-e-action-hash=\"#elementor-action%3Aaction%3Dlightbox%26settings%3DeyJpZCI6NzQxLCJ1cmwiOiJodHRwczpcL1wvd3d3LmZlcmllbmhhdXMtdXNlZG9tLmNvbVwvd3AtY29udGVudFwvdXBsb2Fkc1wvMjAyMlwvMDhcL0lNRy0yMDIyMDgwMy1XQTAwMTYuanBnIiwic2xpZGVzaG93IjoiYjE2YWU4MyJ9\" href='https:\/\/www.ferienhaus-usedom.com\/wp-content\/uploads\/2022\/08\/IMG-20220803-WA0016.jpg'><img decoding=\"async\" width=\"150\" height=\"150\" src=\"https:\/\/www.ferienhaus-usedom.com\/wp-content\/uploads\/2022\/08\/IMG-20220803-WA0016-150x150.jpg\" class=\"attachment-thumbnail size-thumbnail\" alt=\"\" aria-describedby=\"gallery-1-741\" srcset=\"https:\/\/www.ferienhaus-usedom.com\/wp-content\/uploads\/2022\/08\/IMG-20220803-WA0016-150x150.jpg 150w, https:\/\/www.ferienhaus-usedom.com\/wp-content\/uploads\/2022\/08\/IMG-20220803-WA0016-1200x1200.jpg 1200w, https:\/\/www.ferienhaus-usedom.com\/wp-content\/uploads\/2022\/08\/IMG-20220803-WA0016-600x600.jpg 600w\" sizes=\"(max-width: 150px) 100vw, 150px\" \/><\/a>\n\t\t\t<\/dt>\n\t\t\t\t<dd class='wp-caption-text gallery-caption' id='gallery-1-741'>\n\t\t\t\tLage der Ferienh\u00e4user -Blick von Norden\n\t\t\t\t<\/dd><\/dl><dl class='gallery-item'>\n\t\t\t<dt class='gallery-icon landscape'>\n\t\t\t\t<a data-elementor-open-lightbox=\"yes\" data-elementor-lightbox-slideshow=\"b16ae83\" data-elementor-lightbox-title=\"IMG-20220803-WA0015\" data-e-action-hash=\"#elementor-action%3Aaction%3Dlightbox%26settings%3DeyJpZCI6NzQwLCJ1cmwiOiJodHRwczpcL1wvd3d3LmZlcmllbmhhdXMtdXNlZG9tLmNvbVwvd3AtY29udGVudFwvdXBsb2Fkc1wvMjAyMlwvMDhcL0lNRy0yMDIyMDgwMy1XQTAwMTUuanBnIiwic2xpZGVzaG93IjoiYjE2YWU4MyJ9\" href='https:\/\/www.ferienhaus-usedom.com\/wp-content\/uploads\/2022\/08\/IMG-20220803-WA0015.jpg'><img decoding=\"async\" width=\"150\" height=\"150\" src=\"https:\/\/www.ferienhaus-usedom.com\/wp-content\/uploads\/2022\/08\/IMG-20220803-WA0015-150x150.jpg\" class=\"attachment-thumbnail size-thumbnail\" alt=\"\" aria-describedby=\"gallery-1-740\" srcset=\"https:\/\/www.ferienhaus-usedom.com\/wp-content\/uploads\/2022\/08\/IMG-20220803-WA0015-150x150.jpg 150w, https:\/\/www.ferienhaus-usedom.com\/wp-content\/uploads\/2022\/08\/IMG-20220803-WA0015-1200x1200.jpg 1200w, https:\/\/www.ferienhaus-usedom.com\/wp-content\/uploads\/2022\/08\/IMG-20220803-WA0015-600x600.jpg 600w\" sizes=\"(max-width: 150px) 100vw, 150px\" \/><\/a>\n\t\t\t<\/dt>\n\t\t\t\t<dd class='wp-caption-text gallery-caption' id='gallery-1-740'>\n\t\t\t\ts\u00fcdliche Spitze der Halbinsel\n\t\t\t\t<\/dd><\/dl><dl class='gallery-item'>\n\t\t\t<dt class='gallery-icon landscape'>\n\t\t\t\t<a data-elementor-open-lightbox=\"yes\" data-elementor-lightbox-slideshow=\"b16ae83\" data-elementor-lightbox-title=\"IMG-20220803-WA0018\" data-e-action-hash=\"#elementor-action%3Aaction%3Dlightbox%26settings%3DeyJpZCI6NzM5LCJ1cmwiOiJodHRwczpcL1wvd3d3LmZlcmllbmhhdXMtdXNlZG9tLmNvbVwvd3AtY29udGVudFwvdXBsb2Fkc1wvMjAyMlwvMDhcL0lNRy0yMDIyMDgwMy1XQTAwMTguanBnIiwic2xpZGVzaG93IjoiYjE2YWU4MyJ9\" href='https:\/\/www.ferienhaus-usedom.com\/wp-content\/uploads\/2022\/08\/IMG-20220803-WA0018.jpg'><img loading=\"lazy\" decoding=\"async\" width=\"150\" height=\"150\" src=\"https:\/\/www.ferienhaus-usedom.com\/wp-content\/uploads\/2022\/08\/IMG-20220803-WA0018-150x150.jpg\" class=\"attachment-thumbnail size-thumbnail\" alt=\"\" aria-describedby=\"gallery-1-739\" srcset=\"https:\/\/www.ferienhaus-usedom.com\/wp-content\/uploads\/2022\/08\/IMG-20220803-WA0018-150x150.jpg 150w, https:\/\/www.ferienhaus-usedom.com\/wp-content\/uploads\/2022\/08\/IMG-20220803-WA0018-1200x1200.jpg 1200w, https:\/\/www.ferienhaus-usedom.com\/wp-content\/uploads\/2022\/08\/IMG-20220803-WA0018-600x600.jpg 600w\" sizes=\"(max-width: 150px) 100vw, 150px\" \/><\/a>\n\t\t\t<\/dt>\n\t\t\t\t<dd class='wp-caption-text gallery-caption' id='gallery-1-739'>\n\t\t\t\ts\u00fcdliche Spitze der Halbinsel\n\t\t\t\t<\/dd><\/dl><br style=\"clear: both\" \/><dl class='gallery-item'>\n\t\t\t<dt class='gallery-icon landscape'>\n\t\t\t\t<a data-elementor-open-lightbox=\"yes\" data-elementor-lightbox-slideshow=\"b16ae83\" data-elementor-lightbox-title=\"IMG-20220803-WA0017\" data-e-action-hash=\"#elementor-action%3Aaction%3Dlightbox%26settings%3DeyJpZCI6NzM4LCJ1cmwiOiJodHRwczpcL1wvd3d3LmZlcmllbmhhdXMtdXNlZG9tLmNvbVwvd3AtY29udGVudFwvdXBsb2Fkc1wvMjAyMlwvMDhcL0lNRy0yMDIyMDgwMy1XQTAwMTcuanBnIiwic2xpZGVzaG93IjoiYjE2YWU4MyJ9\" href='https:\/\/www.ferienhaus-usedom.com\/wp-content\/uploads\/2022\/08\/IMG-20220803-WA0017.jpg'><img loading=\"lazy\" decoding=\"async\" width=\"150\" height=\"150\" src=\"https:\/\/www.ferienhaus-usedom.com\/wp-content\/uploads\/2022\/08\/IMG-20220803-WA0017-150x150.jpg\" class=\"attachment-thumbnail size-thumbnail\" alt=\"\" aria-describedby=\"gallery-1-738\" srcset=\"https:\/\/www.ferienhaus-usedom.com\/wp-content\/uploads\/2022\/08\/IMG-20220803-WA0017-150x150.jpg 150w, https:\/\/www.ferienhaus-usedom.com\/wp-content\/uploads\/2022\/08\/IMG-20220803-WA0017-1200x1200.jpg 1200w, https:\/\/www.ferienhaus-usedom.com\/wp-content\/uploads\/2022\/08\/IMG-20220803-WA0017-600x600.jpg 600w\" sizes=\"(max-width: 150px) 100vw, 150px\" \/><\/a>\n\t\t\t<\/dt>\n\t\t\t\t<dd class='wp-caption-text gallery-caption' id='gallery-1-738'>\n\t\t\t\tHafen L\u00fctow\n\t\t\t\t<\/dd><\/dl><dl class='gallery-item'>\n\t\t\t<dt class='gallery-icon landscape'>\n\t\t\t\t<a data-elementor-open-lightbox=\"yes\" data-elementor-lightbox-slideshow=\"b16ae83\" data-elementor-lightbox-title=\"IMG-20220803-WA0019\" data-e-action-hash=\"#elementor-action%3Aaction%3Dlightbox%26settings%3DeyJpZCI6NzM3LCJ1cmwiOiJodHRwczpcL1wvd3d3LmZlcmllbmhhdXMtdXNlZG9tLmNvbVwvd3AtY29udGVudFwvdXBsb2Fkc1wvMjAyMlwvMDhcL0lNRy0yMDIyMDgwMy1XQTAwMTkuanBnIiwic2xpZGVzaG93IjoiYjE2YWU4MyJ9\" href='https:\/\/www.ferienhaus-usedom.com\/wp-content\/uploads\/2022\/08\/IMG-20220803-WA0019.jpg'><img loading=\"lazy\" decoding=\"async\" width=\"150\" height=\"150\" src=\"https:\/\/www.ferienhaus-usedom.com\/wp-content\/uploads\/2022\/08\/IMG-20220803-WA0019-150x150.jpg\" class=\"attachment-thumbnail size-thumbnail\" alt=\"\" aria-describedby=\"gallery-1-737\" srcset=\"https:\/\/www.ferienhaus-usedom.com\/wp-content\/uploads\/2022\/08\/IMG-20220803-WA0019-150x150.jpg 150w, https:\/\/www.ferienhaus-usedom.com\/wp-content\/uploads\/2022\/08\/IMG-20220803-WA0019-1200x1200.jpg 1200w, https:\/\/www.ferienhaus-usedom.com\/wp-content\/uploads\/2022\/08\/IMG-20220803-WA0019-600x600.jpg 600w\" sizes=\"(max-width: 150px) 100vw, 150px\" \/><\/a>\n\t\t\t<\/dt>\n\t\t\t\t<dd class='wp-caption-text gallery-caption' id='gallery-1-737'>\n\t\t\t\tImpressionen in der D\u00e4mmerung\n\t\t\t\t<\/dd><\/dl><dl class='gallery-item'>\n\t\t\t<dt class='gallery-icon portrait'>\n\t\t\t\t<a data-elementor-open-lightbox=\"yes\" data-elementor-lightbox-slideshow=\"b16ae83\" data-elementor-lightbox-title=\"20210720_203144\" data-e-action-hash=\"#elementor-action%3Aaction%3Dlightbox%26settings%3DeyJpZCI6NDk2LCJ1cmwiOiJodHRwczpcL1wvd3d3LmZlcmllbmhhdXMtdXNlZG9tLmNvbVwvd3AtY29udGVudFwvdXBsb2Fkc1wvMjAyMVwvMDhcLzIwMjEwNzIwXzIwMzE0NC1zY2FsZWQuanBnIiwic2xpZGVzaG93IjoiYjE2YWU4MyJ9\" href='https:\/\/www.ferienhaus-usedom.com\/wp-content\/uploads\/2021\/08\/20210720_203144-scaled.jpg'><img loading=\"lazy\" decoding=\"async\" width=\"150\" height=\"150\" src=\"https:\/\/www.ferienhaus-usedom.com\/wp-content\/uploads\/2021\/08\/20210720_203144-150x150.jpg\" class=\"attachment-thumbnail size-thumbnail\" alt=\"\" srcset=\"https:\/\/www.ferienhaus-usedom.com\/wp-content\/uploads\/2021\/08\/20210720_203144-150x150.jpg 150w, https:\/\/www.ferienhaus-usedom.com\/wp-content\/uploads\/2021\/08\/20210720_203144-1200x1200.jpg 1200w, https:\/\/www.ferienhaus-usedom.com\/wp-content\/uploads\/2021\/08\/20210720_203144-600x600.jpg 600w\" sizes=\"(max-width: 150px) 100vw, 150px\" \/><\/a>\n\t\t\t<\/dt><\/dl>\n\t\t\t<br style='clear: both' \/>\n\t\t<\/div>\n\t\t<\/div>\n\t\t\t\t\t\t<\/div>\n\t\t\t\t<\/div>\n\t\t\t\t\t<\/div>\n\t\t<\/div>\n\t\t\t\t\t<\/div>\n\t\t<\/section>\n\t\t\t\t<\/div>\n\t\t","protected":false},"excerpt":{"rendered":"<p>Lage Lage der Ferienh\u00e4user -Blick von Norden Lage der Ferienh\u00e4user -Blick von Norden s\u00fcdliche Spitze der Halbinsel s\u00fcdliche Spitze der Halbinsel Hafen L\u00fctow Impressionen in der D\u00e4mmerung<\/p>\n","protected":false},"author":2,"featured_media":0,"parent":0,"menu_order":0,"comment_status":"closed","ping_status":"closed","template":"elementor_header_footer","meta":{"_regular_price":[],"currency_symbol":[],"footnotes":""},"class_list":["post-1894","page","type-page","status-publish","hentry"],"post_slider_layout_featured_media_urls":{"thumbnail":"","post_slider_layout_landscape_large":"","post_slider_layout_portrait_large":"","post_slider_layout_square_large":"","post_slider_layout_landscape":"","post_slider_layout_portrait":"","post_slider_layout_square":"","full":""},"_links":{"self":[{"href":"https:\/\/www.ferienhaus-usedom.com\/index.php?rest_route=\/wp\/v2\/pages\/1894","targetHints":{"allow":["GET"]}}],"collection":[{"href":"https:\/\/www.ferienhaus-usedom.com\/index.php?rest_route=\/wp\/v2\/pages"}],"about":[{"href":"https:\/\/www.ferienhaus-usedom.com\/index.php?rest_route=\/wp\/v2\/types\/page"}],"author":[{"embeddable":true,"href":"https:\/\/www.ferienhaus-usedom.com\/index.php?rest_route=\/wp\/v2\/users\/2"}],"replies":[{"embeddable":true,"href":"https:\/\/www.ferienhaus-usedom.com\/index.php?rest_route=%2Fwp%2Fv2%2Fcomments&post=1894"}],"version-history":[{"count":7,"href":"https:\/\/www.ferienhaus-usedom.com\/index.php?rest_route=\/wp\/v2\/pages\/1894\/revisions"}],"predecessor-version":[{"id":2515,"href":"https:\/\/www.ferienhaus-usedom.com\/index.php?rest_route=\/wp\/v2\/pages\/1894\/revisions\/2515"}],"wp:attachment":[{"href":"https:\/\/www.ferienhaus-usedom.com\/index.php?rest_route=%2Fwp%2Fv2%2Fmedia&parent=1894"}],"curies":[{"name":"wp","href":"https:\/\/api.w.org\/{rel}","templated":true}]}}