{"id":1887,"date":"2024-03-12T08:59:52","date_gmt":"2024-03-12T08:59:52","guid":{"rendered":"https:\/\/www.ferienhaus-usedom.com\/?page_id=1887"},"modified":"2026-02-22T22:25:49","modified_gmt":"2026-02-22T22:25:49","slug":"ueber-uns","status":"publish","type":"page","link":"https:\/\/www.ferienhaus-usedom.com\/?page_id=1887","title":{"rendered":"\u00dcber Uns"},"content":{"rendered":"\t\t<div data-elementor-type=\"wp-page\" data-elementor-id=\"1887\" class=\"elementor elementor-1887\" data-elementor-post-type=\"page\">\n\t\t\t\t\t\t<section class=\"elementor-section elementor-top-section elementor-element elementor-element-6d76db1 elementor-section-boxed elementor-section-height-default elementor-section-height-default\" data-id=\"6d76db1\" data-element_type=\"section\" data-e-type=\"section\">\n\t\t\t\t\t\t<div class=\"elementor-container elementor-column-gap-default\">\n\t\t\t\t\t<div class=\"elementor-column elementor-col-100 elementor-top-column elementor-element elementor-element-547b79a\" data-id=\"547b79a\" data-element_type=\"column\" data-e-type=\"column\">\n\t\t\t<div class=\"elementor-widget-wrap elementor-element-populated\">\n\t\t\t\t\t\t\t<\/div>\n\t\t<\/div>\n\t\t\t\t\t<\/div>\n\t\t<\/section>\n\t\t\t\t<section class=\"elementor-section elementor-top-section elementor-element elementor-element-b579c4d elementor-section-boxed elementor-section-height-default elementor-section-height-default\" data-id=\"b579c4d\" data-element_type=\"section\" data-e-type=\"section\">\n\t\t\t\t\t\t<div class=\"elementor-container elementor-column-gap-default\">\n\t\t\t\t\t<div class=\"elementor-column elementor-col-100 elementor-top-column elementor-element elementor-element-4c90497\" data-id=\"4c90497\" data-element_type=\"column\" data-e-type=\"column\">\n\t\t\t<div class=\"elementor-widget-wrap elementor-element-populated\">\n\t\t\t\t\t\t<div class=\"elementor-element elementor-element-0f18fde elementor-widget elementor-widget-heading\" data-id=\"0f18fde\" data-element_type=\"widget\" data-e-type=\"widget\" data-widget_type=\"heading.default\">\n\t\t\t\t<div class=\"elementor-widget-container\">\n\t\t\t\t\t<h2 class=\"elementor-heading-title elementor-size-default\">\u00dcber uns<\/h2>\t\t\t\t<\/div>\n\t\t\t\t<\/div>\n\t\t\t\t\t<\/div>\n\t\t<\/div>\n\t\t\t\t\t<\/div>\n\t\t<\/section>\n\t\t\t\t<section class=\"elementor-section elementor-top-section elementor-element elementor-element-29da6f78 elementor-section-boxed elementor-section-height-default elementor-section-height-default\" data-id=\"29da6f78\" data-element_type=\"section\" data-e-type=\"section\">\n\t\t\t\t\t\t<div class=\"elementor-container elementor-column-gap-default\">\n\t\t\t\t\t<div class=\"elementor-column elementor-col-100 elementor-top-column elementor-element elementor-element-115aba9c\" data-id=\"115aba9c\" data-element_type=\"column\" data-e-type=\"column\">\n\t\t\t<div class=\"elementor-widget-wrap elementor-element-populated\">\n\t\t\t\t\t\t<div class=\"elementor-element elementor-element-7ace5d00 elementor-widget elementor-widget-text-editor\" data-id=\"7ace5d00\" data-element_type=\"widget\" data-e-type=\"widget\" data-widget_type=\"text-editor.default\">\n\t\t\t\t<div class=\"elementor-widget-container\">\n\t\t\t\t\t\t\t\t\t\n<p>Wir sind Familie Stopp, urspr\u00fcnglich aus Sachsen, doch unser Herz geh\u00f6rte schon immer der Ostsee. Viele Jahre kamen wir so oft wie m\u00f6glich hierher, atmeten die frische Meeresluft, sammelten Muscheln mit den Kindern und tr\u00e4umten davon, irgendwann ein kleines eigenes Ferienhaus am Meer zu besitzen.<\/p>\n\n<p>Aus diesem Wunsch wurde zum Start der Corona-Zeit pl\u00f6tzlich etwas Greifbares: Ein kleines Haus mit zwei Ferienobjekten wurde frei, eine f\u00fcr uns, zwei zum Vermieten. Wir wagten den Schritt, ohne zu ahnen, dass dies nur der Anfang sein w\u00fcrde. Kurz darauf stand auch das Nachbarhaus zur Verf\u00fcgung. Mit jedem Aufenthalt auf Usedom, mit jedem Strandbesuch, mit jedem Sonnenuntergang, festigte sich in uns ein Gedanke, der immer lauter wurde:<\/p>\n\n<p><strong>\u201eWarum nicht ganz hierher? Warum nicht dort leben, wo wir uns am wohlsten f\u00fchlen?\u201c<\/strong><\/p>\n\n<p>Also h\u00f6rten wir auf unser Herz.<\/p>\n\n<p>Wir verkauften unser Zuhause in Sachsen, packten alles zusammen und zogen mit unseren drei Kindern an die Ostsee. Voller Vorfreude, mit einer Portion Aufregung und dem Gef\u00fchl, genau das Richtige zu tun. Auf Usedom begannen wir, uns Schritt f\u00fcr Schritt eine neue kleine Welt aufzubauen \u2013 mit viel Arbeit, Mut und noch mehr Liebe.<\/p>\n\n<p>Doch das Leben hielt noch weitere \u00dcberraschungen f\u00fcr uns bereit:<\/p>\n\n<p>Nach und nach konnten wir weitere Ferienobjekte in L\u00fctow am Achterwasser und in Koserow direkt am K\u00fcstenwald \u00fcbernehmen, sp\u00e4ter kam unser wundersch\u00f6nes Apartmenthaus in K\u00f6lpinsee mit 12 Einheiten dazu. Jeder Standort hat seine eigene Geschichte und seinen eigenen Charme, und in jedem steckt ein gro\u00dfer Teil von uns selbst.<\/p>\n\n<p>Heute wissen wir ganz sicher: Es war die beste Entscheidung unseres Lebens.<\/p>\n\n<p>Wir sind angekommen. Wir f\u00fchlen uns zuhause.<\/p>\n\n<p>Und wir freuen uns jeden Tag dar\u00fcber, diesen besonderen Ort mit unseren G\u00e4sten zu teilen \u2013 ein St\u00fcck unseres Traums, das nun auch Teil eures Urlaubs wird.<\/p>\n\t\t\t\t\t\t\t\t<\/div>\n\t\t\t\t<\/div>\n\t\t\t\t\t<\/div>\n\t\t<\/div>\n\t\t\t\t\t<\/div>\n\t\t<\/section>\n\t\t\t\t<\/div>\n\t\t","protected":false},"excerpt":{"rendered":"<p>\u00dcber uns Wir sind Familie Stopp, urspr\u00fcnglich aus Sachsen, doch unser Herz geh\u00f6rte schon immer der Ostsee. Viele Jahre kamen wir so oft wie m\u00f6glich hierher, atmeten die frische Meeresluft, sammelten Muscheln mit den Kindern und tr\u00e4umten davon, irgendwann ein kleines eigenes Ferienhaus am Meer zu besitzen. Aus diesem Wunsch wurde zum Start der Corona-Zeit [&hellip;]<\/p>\n","protected":false},"author":2,"featured_media":0,"parent":0,"menu_order":0,"comment_status":"closed","ping_status":"closed","template":"","meta":{"_regular_price":[],"currency_symbol":[],"footnotes":""},"class_list":["post-1887","page","type-page","status-publish","hentry"],"post_slider_layout_featured_media_urls":{"thumbnail":"","post_slider_layout_landscape_large":"","post_slider_layout_portrait_large":"","post_slider_layout_square_large":"","post_slider_layout_landscape":"","post_slider_layout_portrait":"","post_slider_layout_square":"","full":""},"_links":{"self":[{"href":"https:\/\/www.ferienhaus-usedom.com\/index.php?rest_route=\/wp\/v2\/pages\/1887","targetHints":{"allow":["GET"]}}],"collection":[{"href":"https:\/\/www.ferienhaus-usedom.com\/index.php?rest_route=\/wp\/v2\/pages"}],"about":[{"href":"https:\/\/www.ferienhaus-usedom.com\/index.php?rest_route=\/wp\/v2\/types\/page"}],"author":[{"embeddable":true,"href":"https:\/\/www.ferienhaus-usedom.com\/index.php?rest_route=\/wp\/v2\/users\/2"}],"replies":[{"embeddable":true,"href":"https:\/\/www.ferienhaus-usedom.com\/index.php?rest_route=%2Fwp%2Fv2%2Fcomments&post=1887"}],"version-history":[{"count":11,"href":"https:\/\/www.ferienhaus-usedom.com\/index.php?rest_route=\/wp\/v2\/pages\/1887\/revisions"}],"predecessor-version":[{"id":3375,"href":"https:\/\/www.ferienhaus-usedom.com\/index.php?rest_route=\/wp\/v2\/pages\/1887\/revisions\/3375"}],"wp:attachment":[{"href":"https:\/\/www.ferienhaus-usedom.com\/index.php?rest_route=%2Fwp%2Fv2%2Fmedia&parent=1887"}],"curies":[{"name":"wp","href":"https:\/\/api.w.org\/{rel}","templated":true}]}}