{"id":1885,"date":"2024-03-12T08:59:05","date_gmt":"2024-03-12T08:59:05","guid":{"rendered":"https:\/\/www.ferienhaus-usedom.com\/?page_id=1885"},"modified":"2025-07-28T19:57:55","modified_gmt":"2025-07-28T19:57:55","slug":"packliste","status":"publish","type":"page","link":"https:\/\/www.ferienhaus-usedom.com\/?page_id=1885","title":{"rendered":"Packliste"},"content":{"rendered":"\t\t<div data-elementor-type=\"wp-page\" data-elementor-id=\"1885\" class=\"elementor elementor-1885\" data-elementor-post-type=\"page\">\n\t\t\t\t\t\t<section class=\"elementor-section elementor-top-section elementor-element elementor-element-2156f60 elementor-section-boxed elementor-section-height-default elementor-section-height-default\" data-id=\"2156f60\" data-element_type=\"section\" data-e-type=\"section\">\n\t\t\t\t\t\t<div class=\"elementor-container elementor-column-gap-default\">\n\t\t\t\t\t<div class=\"elementor-column elementor-col-100 elementor-top-column elementor-element elementor-element-6030b0a\" data-id=\"6030b0a\" data-element_type=\"column\" data-e-type=\"column\">\n\t\t\t<div class=\"elementor-widget-wrap elementor-element-populated\">\n\t\t\t\t\t\t<div class=\"elementor-element elementor-element-ecbc482 elementor-widget elementor-widget-heading\" data-id=\"ecbc482\" data-element_type=\"widget\" data-e-type=\"widget\" data-widget_type=\"heading.default\">\n\t\t\t\t<div class=\"elementor-widget-container\">\n\t\t\t\t\t<h2 class=\"elementor-heading-title elementor-size-default\">Packliste\n<\/h2>\t\t\t\t<\/div>\n\t\t\t\t<\/div>\n\t\t\t\t\t<\/div>\n\t\t<\/div>\n\t\t\t\t\t<\/div>\n\t\t<\/section>\n\t\t\t\t<section class=\"elementor-section elementor-top-section elementor-element elementor-element-3fa0ea9 elementor-section-boxed elementor-section-height-default elementor-section-height-default\" data-id=\"3fa0ea9\" data-element_type=\"section\" data-e-type=\"section\">\n\t\t\t\t\t\t<div class=\"elementor-container elementor-column-gap-default\">\n\t\t\t\t\t<div class=\"elementor-column elementor-col-100 elementor-top-column elementor-element elementor-element-037605a\" data-id=\"037605a\" data-element_type=\"column\" data-e-type=\"column\">\n\t\t\t<div class=\"elementor-widget-wrap elementor-element-populated\">\n\t\t\t\t\t\t\t<\/div>\n\t\t<\/div>\n\t\t\t\t\t<\/div>\n\t\t<\/section>\n\t\t\t\t<section class=\"elementor-section elementor-top-section elementor-element elementor-element-b267ebd elementor-section-boxed elementor-section-height-default elementor-section-height-default\" data-id=\"b267ebd\" data-element_type=\"section\" data-e-type=\"section\">\n\t\t\t\t\t\t<div class=\"elementor-container elementor-column-gap-default\">\n\t\t\t\t\t<div class=\"elementor-column elementor-col-100 elementor-top-column elementor-element elementor-element-e6de712\" data-id=\"e6de712\" data-element_type=\"column\" data-e-type=\"column\">\n\t\t\t<div class=\"elementor-widget-wrap elementor-element-populated\">\n\t\t\t\t\t\t<div class=\"elementor-element elementor-element-ec38238 elementor-widget elementor-widget-heading\" data-id=\"ec38238\" data-element_type=\"widget\" data-e-type=\"widget\" data-widget_type=\"heading.default\">\n\t\t\t\t<div class=\"elementor-widget-container\">\n\t\t\t\t\t<h2 class=\"elementor-heading-title elementor-size-default\">N\u00fctzliches f\u00fcr die Zeit im ferienhaus<\/h2>\t\t\t\t<\/div>\n\t\t\t\t<\/div>\n\t\t\t\t\t<\/div>\n\t\t<\/div>\n\t\t\t\t\t<\/div>\n\t\t<\/section>\n\t\t\t\t<section class=\"elementor-section elementor-top-section elementor-element elementor-element-2a8b3cf elementor-section-boxed elementor-section-height-default elementor-section-height-default\" data-id=\"2a8b3cf\" data-element_type=\"section\" data-e-type=\"section\">\n\t\t\t\t\t\t<div class=\"elementor-container elementor-column-gap-default\">\n\t\t\t\t\t<div class=\"elementor-column elementor-col-100 elementor-top-column elementor-element elementor-element-64a1b7f\" data-id=\"64a1b7f\" data-element_type=\"column\" data-e-type=\"column\">\n\t\t\t<div class=\"elementor-widget-wrap elementor-element-populated\">\n\t\t\t\t\t\t<div class=\"elementor-element elementor-element-a30bae9 elementor-widget elementor-widget-text-editor\" data-id=\"a30bae9\" data-element_type=\"widget\" data-e-type=\"widget\" data-widget_type=\"text-editor.default\">\n\t\t\t\t<div class=\"elementor-widget-container\">\n\t\t\t\t\t\t\t\t\t<p>\u00a0<\/p><ul><li>F\u00fcr G\u00e4ste ohne W\u00e4schepaket:<ul><li>Bettw\u00e4sche (Bettdeckenbezug135x200, Kissenbezug 80&#215;80), Bettlaken\u00a0(90&#215;200 \u2013 Bungalow Andrea und XXL Wohnung 21\/22 ein Bettlaken 140&#215;200)<\/li><li>Handt\u00fccher, Geschirrt\u00fccher<\/li><\/ul><\/li><li>Badet\u00fccher<\/li><li>(Hand-) Waschmittel<\/li><li>Picknickdecke\/ Stranddecke<\/li><li>Toilettenpapier<\/li><li>Sp\u00fclmittel, ggf. Sp\u00fclmaschinen-Tabs<\/li><\/ul><ul><li>K\u00fcchenschwamm<\/li><li>K\u00fcchenrolle<\/li><li>Alufolie und Frischhaltefolie<\/li><li>M\u00fcllbeutel<\/li><li>Essig und \u00d6l<\/li><li>Salz, Pfeffer, Zucker<\/li><li>Basisgew\u00fcrze (je nach Geschmack und Vorliebe)<\/li><li>haltbare Vorr\u00e4te (z. B. Nudeln, Reis, M\u00fcsli, abgepacktes Brot, Brotaufstrich, Fertigso\u00dfen \u2013 je nach Vorliebe)<\/li><li>Kaffee und Kaffeefilter, Tee oder Kakao, Milch, Softdrinks, Wasser, Getr\u00e4nke (f\u00fcr die Ankunft und den ersten Morgen)<\/li><li>Trinkflaschen zum Nachf\u00fcllen und Brotzeitdosen (f\u00fcr Ausfl\u00fcge unverzichtbar und ein Beitrag zum Umweltschutz, da auf Einwegflaschen und Verpackungsm\u00fcll verzichtet wird).<\/li><li>Ladekabel Smartphone\/ Tablet<\/li><li>Hausschuhe<\/li><\/ul><p>\u00a0<\/p><p><strong>F\u00fcr den 1. Urlaubstag stehen bereit:<\/strong>\u00a0 M\u00fcllbeutel, Toilettenpapier, 1 Geschirrsp\u00fcltap,\u00a0\u00a0\u00a0\u00a0\u00a0\u00a0\u00a0 Aufwaschlappen, Sp\u00fclmittel und Seife<\/p><p><strong>\u00a0<\/strong><\/p><p>Bei Bedarf finden Sie im Badezimmer Reinigungsmittel (Badreiniger, Allzweckreiniger, Toilettenreiniger, Putzeimer, Besen und Bodenwischer).<\/p><p>\u00a0<\/p><p>Au\u00dferdem stehen in jedem Objekt ein Staubsauger sowie ein W\u00e4schest\u00e4nder, teilweise auch eine W\u00e4schespinne im Garten, mit W\u00e4scheklammern bereit.\u00a0<\/p>\t\t\t\t\t\t\t\t<\/div>\n\t\t\t\t<\/div>\n\t\t\t\t\t<\/div>\n\t\t<\/div>\n\t\t\t\t\t<\/div>\n\t\t<\/section>\n\t\t\t\t<\/div>\n\t\t","protected":false},"excerpt":{"rendered":"<p>Packliste N\u00fctzliches f\u00fcr die Zeit im ferienhaus \u00a0 F\u00fcr G\u00e4ste ohne W\u00e4schepaket: Bettw\u00e4sche (Bettdeckenbezug135x200, Kissenbezug 80&#215;80), Bettlaken\u00a0(90&#215;200 \u2013 Bungalow Andrea und XXL Wohnung 21\/22 ein Bettlaken 140&#215;200) Handt\u00fccher, Geschirrt\u00fccher Badet\u00fccher (Hand-) Waschmittel Picknickdecke\/ Stranddecke Toilettenpapier Sp\u00fclmittel, ggf. Sp\u00fclmaschinen-Tabs K\u00fcchenschwamm K\u00fcchenrolle Alufolie und Frischhaltefolie M\u00fcllbeutel Essig und \u00d6l Salz, Pfeffer, Zucker Basisgew\u00fcrze (je nach Geschmack und [&hellip;]<\/p>\n","protected":false},"author":2,"featured_media":0,"parent":0,"menu_order":0,"comment_status":"closed","ping_status":"closed","template":"elementor_header_footer","meta":{"_regular_price":[],"currency_symbol":[],"footnotes":""},"class_list":["post-1885","page","type-page","status-publish","hentry"],"post_slider_layout_featured_media_urls":{"thumbnail":"","post_slider_layout_landscape_large":"","post_slider_layout_portrait_large":"","post_slider_layout_square_large":"","post_slider_layout_landscape":"","post_slider_layout_portrait":"","post_slider_layout_square":"","full":""},"_links":{"self":[{"href":"https:\/\/www.ferienhaus-usedom.com\/index.php?rest_route=\/wp\/v2\/pages\/1885","targetHints":{"allow":["GET"]}}],"collection":[{"href":"https:\/\/www.ferienhaus-usedom.com\/index.php?rest_route=\/wp\/v2\/pages"}],"about":[{"href":"https:\/\/www.ferienhaus-usedom.com\/index.php?rest_route=\/wp\/v2\/types\/page"}],"author":[{"embeddable":true,"href":"https:\/\/www.ferienhaus-usedom.com\/index.php?rest_route=\/wp\/v2\/users\/2"}],"replies":[{"embeddable":true,"href":"https:\/\/www.ferienhaus-usedom.com\/index.php?rest_route=%2Fwp%2Fv2%2Fcomments&post=1885"}],"version-history":[{"count":25,"href":"https:\/\/www.ferienhaus-usedom.com\/index.php?rest_route=\/wp\/v2\/pages\/1885\/revisions"}],"predecessor-version":[{"id":3252,"href":"https:\/\/www.ferienhaus-usedom.com\/index.php?rest_route=\/wp\/v2\/pages\/1885\/revisions\/3252"}],"wp:attachment":[{"href":"https:\/\/www.ferienhaus-usedom.com\/index.php?rest_route=%2Fwp%2Fv2%2Fmedia&parent=1885"}],"curies":[{"name":"wp","href":"https:\/\/api.w.org\/{rel}","templated":true}]}}